{"id":13071,"date":"2024-12-18T12:29:20","date_gmt":"2024-12-18T10:29:20","guid":{"rendered":"https:\/\/www.robomiku.ee\/product\/sphero-indi-opperobot\/"},"modified":"2026-04-01T05:24:10","modified_gmt":"2026-04-01T02:24:10","slug":"sphero-indi-opperobot","status":"publish","type":"product","link":"https:\/\/www.robomiku.ee\/en\/product\/sphero-indi-opperobot\/","title":{"rendered":"Sphero Indi \u00f5pperobot"},"content":{"rendered":"<p><strong>Robot v\u00e4ikestele \u00f5ppijatele, mida juhib v\u00e4rv<\/strong><\/p>\n<p><strong>Vanusele 4+<\/strong><br \/>\nS\u00f5ida hoogsalt STEAM-\u00f5ppesse koos Sphero Indiga \u2013 k\u00f5ige k\u00e4ttesaadavama algtaseme \u00f5pperobotiga.<\/p>\n<p>Sphero Indi \u00e4rgitab kujutlusv\u00f5imelist, m\u00e4ngup\u00f5hist \u00f5ppimist, andes lastele v\u00f5imaluse ise lab\u00fcrinte kujundada ja ehitada. See loob lastele v\u00f5imalusi \u00f5ppida programmeerimise aluseid, lahendada probleeme ja arendada arvutuslikku m\u00f5tlemist.<\/p>\n<p><span data-teams=\"true\">Komplekti kuulub:<\/span><\/p>\n<ul>\n<li>1 indi robot<\/li>\n<li>20 vastupidavat, lateksivaba kummist v\u00e4rvilauda<\/li>\n<li>1 \u00f5pilase kandekohver<\/li>\n<li>15 algajatele m\u00f5eldud programmeerimise v\u00e4ljakutsekaarti<\/li>\n<li>1 kiirjuhend<\/li>\n<li>2 dekoratiivset kleepsulehte<\/li>\n<li>1 laadimiskaabel<\/li>\n<li>\u00d5petaja ressursid \u2013 allalaetavad juhendid, tunnikavad ja palju muud!<\/li>\n<\/ul>\n","protected":false},"excerpt":{"rendered":"<p>Robot v\u00e4ikestele \u00f5ppijatele, mida juhib v\u00e4rv Vanusele 4+ S\u00f5ida hoogsalt STEAM-\u00f5ppesse koos Sphero Indiga \u2013 k\u00f5ige k\u00e4ttesaadavama algtaseme \u00f5pperobotiga. Sphero Indi \u00e4rgitab kujutlusv\u00f5imelist, m\u00e4ngup\u00f5hist \u00f5ppimist, andes lastele v\u00f5imaluse ise lab\u00fcrinte kujundada ja ehitada. See loob lastele v\u00f5imalusi \u00f5ppida programmeerimise aluseid, lahendada probleeme ja arendada arvutuslikku m\u00f5tlemist. Komplekti kuulub: 1 indi robot 20 vastupidavat, lateksivaba kummist [&hellip;]<\/p>\n","protected":false},"featured_media":12985,"comment_status":"closed","ping_status":"closed","template":"","meta":{"_acf_changed":false},"product_brand":[],"product_cat":[177,50],"product_tag":[],"class_list":{"0":"post-13071","1":"product","2":"type-product","3":"status-publish","4":"has-post-thumbnail","6":"product_cat-beebot-en","7":"product_cat-masinad-ja-mehhanismid-en","9":"first","10":"instock","11":"taxable","12":"shipping-taxable","13":"purchasable","14":"product-type-simple"},"acf":[],"_links":{"self":[{"href":"https:\/\/www.robomiku.ee\/en\/wp-json\/wp\/v2\/product\/13071","targetHints":{"allow":["GET"]}}],"collection":[{"href":"https:\/\/www.robomiku.ee\/en\/wp-json\/wp\/v2\/product"}],"about":[{"href":"https:\/\/www.robomiku.ee\/en\/wp-json\/wp\/v2\/types\/product"}],"replies":[{"embeddable":true,"href":"https:\/\/www.robomiku.ee\/en\/wp-json\/wp\/v2\/comments?post=13071"}],"wp:featuredmedia":[{"embeddable":true,"href":"https:\/\/www.robomiku.ee\/en\/wp-json\/wp\/v2\/media\/12985"}],"wp:attachment":[{"href":"https:\/\/www.robomiku.ee\/en\/wp-json\/wp\/v2\/media?parent=13071"}],"wp:term":[{"taxonomy":"product_brand","embeddable":true,"href":"https:\/\/www.robomiku.ee\/en\/wp-json\/wp\/v2\/product_brand?post=13071"},{"taxonomy":"product_cat","embeddable":true,"href":"https:\/\/www.robomiku.ee\/en\/wp-json\/wp\/v2\/product_cat?post=13071"},{"taxonomy":"product_tag","embeddable":true,"href":"https:\/\/www.robomiku.ee\/en\/wp-json\/wp\/v2\/product_tag?post=13071"}],"curies":[{"name":"wp","href":"https:\/\/api.w.org\/{rel}","templated":true}]}}