{"id":11503,"date":"2019-08-23T12:23:32","date_gmt":"2019-08-23T09:23:32","guid":{"rendered":"https:\/\/www.robomiku.ee\/product\/qobo-programeeritav-robotigu\/"},"modified":"2023-06-06T09:54:33","modified_gmt":"2023-06-06T06:54:33","slug":"qobo-a-programmable-robot-snail","status":"publish","type":"product","link":"https:\/\/www.robomiku.ee\/en\/product\/qobo-a-programmable-robot-snail\/","title":{"rendered":"Qobo &#8211; a programmable robot snail"},"content":{"rendered":"<p>Robobloq&#8217;s Qobo is a screen-free, programming teaching, interactive robot for ages 3-8 years.<\/p>\n<p>Its card-based structure and playful tasks develop children&#8217;s logical thinking and at the same time give the opportunity to act with their hands.<\/p>\n<p>The set includes:<br \/>\n\u2022 1 Qobo bot in Estonian<br \/>\n\u2022 30 puzzle cards<br \/>\n\u2022 USB charging cable<\/p>\n<p>It has 3 game modes (puzzle track, card scanning and, for those interested, the possibility of programming on a computer).<\/p>\n<p>STEAM &#8211; (Science, Technology, Engineering, Arts and Math) in Estonian<br \/>\nnatural and exact sciences and arts and creativity.<\/p>\n<p><iframe loading=\"lazy\" title=\"Katsetame \u00f5ppet\u00f6\u00f6s - Qobo ekraanivaba programmeeritav robot\" width=\"500\" height=\"281\" src=\"https:\/\/www.youtube.com\/embed\/35J15EisqhU?feature=oembed\" frameborder=\"0\" allow=\"accelerometer; autoplay; clipboard-write; encrypted-media; gyroscope; picture-in-picture; web-share\" referrerpolicy=\"strict-origin-when-cross-origin\" allowfullscreen><\/iframe><\/p>\n<p>&nbsp;<\/p>\n<p><iframe loading=\"lazy\" title=\"Qobo ROBOT-Puzzle Card Coding Robot-by Robobloq-STEM robotics\" width=\"500\" height=\"281\" src=\"https:\/\/www.youtube.com\/embed\/cAmu37hYCXc?feature=oembed\" frameborder=\"0\" allow=\"accelerometer; autoplay; clipboard-write; encrypted-media; gyroscope; picture-in-picture; web-share\" referrerpolicy=\"strict-origin-when-cross-origin\" allowfullscreen><\/iframe><\/p>\n","protected":false},"excerpt":{"rendered":"<p>Robobloq&#8217;s Qobo is a screen-free, programming teaching, interactive robot for ages 3-8 years. Its card-based structure and playful tasks develop children&#8217;s logical thinking and at the same time give the opportunity to act with their hands. The set includes: \u2022 1 Qobo bot in Estonian \u2022 30 puzzle cards \u2022 USB charging cable It has [&hellip;]<\/p>\n","protected":false},"featured_media":8324,"comment_status":"open","ping_status":"closed","template":"","meta":{"_acf_changed":false},"product_brand":[],"product_cat":[161,162,163],"product_tag":[],"class_list":{"0":"post-11503","1":"product","2":"type-product","3":"status-publish","4":"has-post-thumbnail","6":"product_cat-qobo-2-en","7":"product_cat-robobloq-2-en","8":"product_cat-qobo-en","10":"first","11":"instock","12":"taxable","13":"shipping-taxable","14":"purchasable","15":"product-type-simple"},"acf":[],"_links":{"self":[{"href":"https:\/\/www.robomiku.ee\/en\/wp-json\/wp\/v2\/product\/11503","targetHints":{"allow":["GET"]}}],"collection":[{"href":"https:\/\/www.robomiku.ee\/en\/wp-json\/wp\/v2\/product"}],"about":[{"href":"https:\/\/www.robomiku.ee\/en\/wp-json\/wp\/v2\/types\/product"}],"replies":[{"embeddable":true,"href":"https:\/\/www.robomiku.ee\/en\/wp-json\/wp\/v2\/comments?post=11503"}],"wp:featuredmedia":[{"embeddable":true,"href":"https:\/\/www.robomiku.ee\/en\/wp-json\/wp\/v2\/media\/8324"}],"wp:attachment":[{"href":"https:\/\/www.robomiku.ee\/en\/wp-json\/wp\/v2\/media?parent=11503"}],"wp:term":[{"taxonomy":"product_brand","embeddable":true,"href":"https:\/\/www.robomiku.ee\/en\/wp-json\/wp\/v2\/product_brand?post=11503"},{"taxonomy":"product_cat","embeddable":true,"href":"https:\/\/www.robomiku.ee\/en\/wp-json\/wp\/v2\/product_cat?post=11503"},{"taxonomy":"product_tag","embeddable":true,"href":"https:\/\/www.robomiku.ee\/en\/wp-json\/wp\/v2\/product_tag?post=11503"}],"curies":[{"name":"wp","href":"https:\/\/api.w.org\/{rel}","templated":true}]}}